{"id":1242,"date":"2022-06-29T15:42:07","date_gmt":"2022-06-29T18:42:07","guid":{"rendered":"https:\/\/solucaoeminternet.com.br\/sertplast\/?page_id=1242"},"modified":"2022-06-29T15:42:07","modified_gmt":"2022-06-29T18:42:07","slug":"politica-de-compra-e-venda","status":"publish","type":"page","link":"https:\/\/sertplast.com.br\/loja\/politica-de-compra-e-venda\/","title":{"rendered":"Pol\u00edtica de compra e venda."},"content":{"rendered":"<h3><strong>Pol\u00edtica de compra e venda. <\/strong><\/h3>\n<p><em>Prezados Clientes;<\/em><\/p>\n<p>Uma de nossas principais preocupa\u00e7\u00f5es \u00e9 oferecer aos nossos clientes produtos da mais alta qualidade, entregues no prazo combinado e de acordo com todas as condi\u00e7\u00f5es necess\u00e1rias para sua comodidade.<\/p>\n<p>A seguir explicitamos nossas pol\u00edticas cuja observ\u00e2ncia por parte do cliente \u00e9 importante para que, caso necess\u00e1rio, sejam adotados os procedimentos corretos.<\/p>\n<p>\u2013 Observe atentamente as informa\u00e7\u00f5es a seguir, elas s\u00e3o essenciais para a realiza\u00e7\u00e3o da sua compra ou pedido:<\/p>\n<p>\u2013 Todas as imagens publicadas neste site s\u00e3o meramente ilustrativas. As cores podem variar de acordo com o monitor usado e ilumina\u00e7\u00e3o de est\u00fadio presente nas fotos.<\/p>\n<p>\u2013 Certifique-se do produto adquirido \u00e9 realmente o de sua prefer\u00eancia verificando sua composi\u00e7\u00e3o e\/caracter\u00edsticas descritos nas informa\u00e7\u00f5es do mesmo.<\/p>\n<p>\u2013 Todas as imagens e v\u00eddeos publicadas no site: \u00a0<a href=\"https:\/\/sertplast.com.br\">https:\/\/sertplast.com.br<\/a> \u00a0, s\u00e3o de propriedade e uso exclusivo do portal de compras da <strong>SERT PLAST<\/strong>, e tem sua origem como elaboradas nos est\u00fadios da ag\u00eancia de publicidade: Multilojas Solu\u00e7\u00f5es em Internet, CNPJ: 55.647.648\/0001-46 sendo todas as imagens e v\u00eddeos protegidas pela LEI\u00a0de copyright N\u00ba 9.610, DE 19 DE FEVEREIRO DE 1998.<\/p>\n<p>SERT PLAST IND\u00daSTRIA E COM\u00c9RCIO LTDA, inscrita no CNPJ\/MF: 64.851.884\/0002-51, e Inscri\u00e7\u00e3o Estadual: 664.171.344.113, localizada \u00e0 Rua Pl\u00e1cido Sarti ,105, bairro S\u00e3o Jo\u00e3o, Fone (16) 3945-4045 \u2013 E-mail : <a href=\"mailto:sertplast@sertplast.com.br\">sertplast@sertplast.com.br<\/a> \u00a0\u00a0&#8211; CEP \u2013 14.010-160, no munic\u00edpio de Sert\u00e3ozinho ,estado de S\u00e3o Paulo &#8211; , coletivamente conhecida pelo nome fantasia de<strong> SERT PLAST<\/strong> e, de outro lado, os clientes da loja, devidamente qualificados no momento de realiza\u00e7\u00e3o das sua(s) compra(s) dos produtos oferecidos pela \u201c<strong>SERT PLAST<\/strong>\u201d em sua loja virtual, visitas presenciais, compras atrav\u00e9s de revendedoras e ou aquisi\u00e7\u00f5es em eventos promocionais, s\u00e3o doravante denominado simplesmente \u201cCliente\u201d.<\/p>\n<p>Considerando que a \u201c<strong>SERT PLAST<\/strong>\u201d realiza venda de produtos e servi\u00e7os pela internet; considerando o interesse do cliente na compra dos produtos oferecidos \u201c<strong>SERT PLAST<\/strong>\u201d (\u201cProdutos\u201d) em seus canais de venda; o presente contrato tem por finalidade estabelecer as condi\u00e7\u00f5es gerais de compra de produtos e servi\u00e7os do cliente do site da \u201c<strong>SERT PLAST<\/strong>\u201d ( <a href=\"https:\/\/www.sertplast.com.br\">https:\/\/www.sertplast.com.br<\/a><u>\u00a0 <\/u>).<\/p>\n<ol>\n<li><strong>Confidencialidade:\u00a0<\/strong>\u00e9 de responsabilidade da \u201c<strong>SERT PLAST<\/strong>\u201d a preserva\u00e7\u00e3o da confidencialidade de todos os dados e ou das informa\u00e7\u00f5es fornecidos pelo Cliente no processo de compra e os termos de confidencialidade, bem como garantias de seguran\u00e7a, est\u00e3o expressos em POL\u00cdTICA DE CONFIDENCIALIDADE.<\/li>\n<li><strong>Servi\u00e7o de Atendimento ao Cliente (SAC):\u00a0Encontra-se a disposi\u00e7\u00e3o do \u201c<\/strong>cliente\u201d antes, durante e ap\u00f3s a realiza\u00e7\u00e3o de suas compras, nossos canais de comunica\u00e7\u00e3o e o \u201ccliente\u201d disp\u00f5e desse servi\u00e7o para sanar a suas d\u00favidas, solucionar suas eventuais solicita\u00e7\u00f5es ou reclama\u00e7\u00f5es a respeito do seu pedido ou de qualquer conte\u00fado disponibilizado no site, observado em nossas visitas presencias, pelo atendimento por revendedoras e ou contato em promo\u00e7\u00f5es e eventos.<\/li>\n<\/ol>\n<p>O SAC poder\u00e1 ser acionado por meio de telefone: (16) 3945-4045 ou de formul\u00e1rio do site ou envio de e-mail para:\u00a0<a href=\"mailto:sertplast@sertplast.com.br\">sertplast@sertplast.com.br<\/a> , conforme disponibilizado de Segunda \u00e0 Sexta \u2013 Feira em hor\u00e1rio comercial: Das 08:00 as 17:00, excluindo-se a disponibilidade de atendimento aos s\u00e1bados, domingos e feriados.<\/p>\n<ol>\n<li><strong>Pol\u00edtica de entrega:\u00a0<\/strong>o prazo para entrega dos produtos \u00e9 informado durante o procedimento de compra, contabilizado em dias \u00fateis. As entregas dos produtos s\u00e3o realizadas pelos correios e ou transportadoras de segunda a sexta-feira, das 8h \u00e0s 18h. Excepcionalmente, algumas entregas de produtos podem ocorrer aos s\u00e1bados, domingos e feriados.<\/li>\n<li><strong>Direito de arrependimento:\u00a0<\/strong>ao cliente ser\u00e1 facultado o exerc\u00edcio do direito de arrependimento da compra, com a finalidade de devolu\u00e7\u00e3o do produto, hip\u00f3tese na qual dever\u00e3o ser observadas as seguintes condi\u00e7\u00f5es:<\/li>\n<\/ol>\n<ul>\n<li>o prazo de desist\u00eancia da compra do produto \u00e9 de at\u00e9 7 (sete) dias corridos, a contar da data do recebimento;<\/li>\n<li>em caso de devolu\u00e7\u00e3o, o produto dever\u00e1 ser devolvido \u00e0 \u201c<strong>SERT PLAST<\/strong>\u201d, acompanhado do DANFE (Documento Auxiliar da Nota Fiscal Eletr\u00f4nica).<\/li>\n<\/ul>\n<p>4.1 \u2013 O Cliente dever\u00e1 solicitar a devolu\u00e7\u00e3o atrav\u00e9s do Servi\u00e7o de Atendimento ao Cliente (SAC). As despesas decorrentes de coleta ou postagem do Produto ser\u00e3o custeadas pela \u201c<strong>SERT PLAST<\/strong>\u201d<\/p>\n<p>4.2 \u2013 Em compras com cart\u00e3o de cr\u00e9dito a administradora do cart\u00e3o ser\u00e1 notificada e o estorno ocorrer\u00e1 na fatura seguinte ou na posterior, de uma s\u00f3 vez, seja qual for o n\u00famero de parcelas utilizado na compra. O prazo de ressarcimento e, ainda, a cobran\u00e7a das parcelas remanescentes ap\u00f3s o estorno integral do valor do produto no cart\u00e3o de cr\u00e9dito do cliente realizado pela \u201c<strong>SERT PLAST<\/strong>\u201d, \u00e9 de responsabilidade da administradora do cart\u00e3o. Na hip\u00f3tese de cobran\u00e7a de parcelas futuras pela administradora do cart\u00e3o, o cliente n\u00e3o ser\u00e1 onerado, vez que a \u201c<strong>SERT PLAST<\/strong>\u201d realiza o estorno do valor integral do produto em uma \u00fanica vez, sendo o cr\u00e9dito referente ao estorno concedido integralmente pela administradora do cart\u00e3o na fatura de cobran\u00e7a subsequente ao m\u00eas do cancelamento.<\/p>\n<p>4.3 \u2013 Em compras pagas com boleto banc\u00e1rio ou d\u00e9bito em conta, a restitui\u00e7\u00e3o ser\u00e1 efetuada por meio de dep\u00f3sito banc\u00e1rio, em at\u00e9 10 (dez) dias \u00fateis, somente na conta corrente do(a) comprador(a), que deve ser individual. \u00c9 necess\u00e1rio que o CPF do titular da conta corrente seja o mesmo que consta no pedido (CPF do cliente). Caso o(a) comprador(a) n\u00e3o tenha uma conta corrente que atenda \u00e0s condi\u00e7\u00f5es citadas, ser\u00e1 enviada, no mesmo prazo, uma ordem de pagamento em nome do titular da compra no domicilio banc\u00e1rio informado pelo mesmo.<\/p>\n<p>4.4 \u2013 A \u201c<strong>SERT PLAST<\/strong>\u201d isenta-se da obriga\u00e7\u00e3o de cancelar qualquer produto que n\u00e3o preencha os requisitos elencados neste dispositivo.<\/p>\n<ol>\n<li><strong>Pol\u00edtica de Trocas e Devolu\u00e7\u00f5es:\u00a0<\/strong>todas as ocorr\u00eancias que envolvam troca ou devolu\u00e7\u00e3o ser\u00e3o atendidas conforme o previsto no C\u00f3digo de Defesa do Consumidor e os pormenores para a sua realiza\u00e7\u00e3o encontra-se descrito em nossas POL\u00cdTICAS DE TROCA E DEVOLU\u00c7\u00c3O.<\/li>\n<\/ol>\n<p>5.1 \u2013 Outros motivos<\/p>\n<p>Solicitamos que o recebimento seja recusado caso se perceba, no ato da entrega, algum tipo de viola\u00e7\u00e3o do produto, como:<\/p>\n<ul>\n<li>embalagem aberta ou danificada;<\/li>\n<li>produto danificado;<\/li>\n<li>produto em desacordo com o pedido.<\/li>\n<\/ul>\n<p>O prazo para solicitar devolu\u00e7\u00e3o ser\u00e1 de 72 horas a partir do recebimento.<\/p>\n<ol>\n<li><strong>Formas de pagamento aceitas:<\/strong><\/li>\n<\/ol>\n<p>6.1 \u2013 Pagamento \u00e0 vista:\u00a0boleto banc\u00e1rio;\u00a0d\u00e9bito em conta;\u00a0cart\u00e3o de cr\u00e9dito;<\/p>\n<p>6.2 \u2013 Pagamento parcelado:\u00a0cart\u00e3o de cr\u00e9dito.<\/p>\n<p>6.3 \u2013 Para pagamentos com cart\u00e3o de cr\u00e9dito, o pedido estar\u00e1 sujeito \u00e0 aprova\u00e7\u00e3o da administradora do cart\u00e3o. As informa\u00e7\u00f5es contidas no cadastro s\u00e3o pass\u00edveis de confirma\u00e7\u00e3o, que poder\u00e1 ser solicitada pela \u201c<strong>SERT PLAST<\/strong>\u201d atrav\u00e9s de e-mail para o cliente.<\/p>\n<ol>\n<li><strong>Prazos de entrega e Forma de pagamento:<\/strong><\/li>\n<\/ol>\n<p>7.1 \u2013 Compras pagas com cart\u00e3o de cr\u00e9dito: o prazo para entrega \u00e9 considerado a partir da checagem de dados cadastrais e da confirma\u00e7\u00e3o do pagamento pela administradora do cart\u00e3o. A confirma\u00e7\u00e3o \u00e9 realizada em at\u00e9 um dia corrido. Em caso de diverg\u00eancia cadastral, a \u201c<strong>SERT PLAST<\/strong>\u201d entrar\u00e1 em contato com o comprador.<\/p>\n<p>7.2 \u2013 Compras pagas por meio de boleto banc\u00e1rio: o prazo para entrega \u00e9 considerado a partir da confirma\u00e7\u00e3o do pagamento pelo banco. A confirma\u00e7\u00e3o \u00e9 realizada em at\u00e9 tr\u00eas dias \u00fateis, a partir do pagamento.<\/p>\n<p>7.3 \u2013 Compras pagas por meio de d\u00e9bito em conta: o prazo para entrega \u00e9 considerado a partir da confirma\u00e7\u00e3o do pagamento pelo banco. A confirma\u00e7\u00e3o \u00e9 realizada em at\u00e9 dois dias corridos.<\/p>\n<p>7.4 \u2013 O prazo de envio de at\u00e9 7 (Sete) dias \u00a0\u00a0\u00e9 estabelecido em fun\u00e7\u00e3o da confirma\u00e7\u00e3o do pagamento, do tempo de embalagem do produto adquirido e do local de entrega e esta informa\u00e7\u00e3o varia conforme o produto; O cliente \u00a0\u00a0receber\u00e1 um e-mail de confirma\u00e7\u00e3o com o status do pedido.<\/p>\n<p>7.5 \u2013 A partir do momento da entrega do produto para o transporte, o tempo at\u00e9 a casa do cliente pode variar de acordo com o m\u00e9todo de envio escolhido e dist\u00e2ncia entre outros.<\/p>\n<p>7.6 \u2013 ENTREGA \u2013 CEP \u00c1REA DE RISCO E OU DIF\u00cdCIL ACESSO<\/p>\n<p>A \u201c<strong>SERT PLAST<\/strong>\u201d n\u00e3o consegue garantir que a entrega de seu pedido ser\u00e1 realizada diretamente no endere\u00e7o indicado no ato da compra caso o local seja uma \u201c\u00e1rea de risco\u201d ou de \u201cdif\u00edcil acesso \u201c, de acordo com a pol\u00edtica de entrega dos correio se ou transportadoras.; Nesses casos, os correios enviar\u00e3o a encomenda para uma ag\u00eancia pr\u00f3xima do endere\u00e7o do destinat\u00e1rio, para que seja feita a retirada do pacote direto na ag\u00eancia. Vale ressaltar que esse procedimento est\u00e1 fora do controle da \u201c<strong>SERT PLAST<\/strong>\u201de que as \u00e1reas de restri\u00e7\u00e3o de entrega podem ser alteradas a qualquer momento pelos agentes de transporte.<\/p>\n<p>Para mais informa\u00e7\u00f5es sobre a pol\u00edtica de Restri\u00e7\u00e3o de Entrega Domiciliar dos Correios, acesse:\u00a0<a href=\"http:\/\/correios.com.br\/para-voce\/correios-de-a-a-z\/entrega-domicilia\">http:\/\/correios.com.br\/para-voce\/correios-de-a-a-z\/entrega-domicilia<\/a><\/p>\n<p>8 \u2013 Recebimento da mercadoria.<\/p>\n<p>8.1 \u2013 Ao receber o produto em sua casa, voc\u00ea dever\u00e1 desembal\u00e1-lo, evitando o uso de estiletes e\/ou facas para n\u00e3o o danificar, checando assim se n\u00e3o houve nenhum dano ou avaria no transporte. \u00c9 imprescind\u00edvel que os produtos sejam conferidos qualitativamente e quantitativamente no ato do recebimento, pois, n\u00e3o nos responsabilizamos, caso este procedimento n\u00e3o for seguido.<\/p>\n<p>8.2 \u2013 A \u201c<strong>SERT PLAST<\/strong>\u201d faz o poss\u00edvel para garantir o envio de produtos em perfeitas condi\u00e7\u00f5es, mas como utilizamos servi\u00e7os terceirizados de transporte, solicitamos que verifique se os mesmos se encontram em perfeito estado ao receb\u00ea-los.<\/p>\n<p>8.3 \u2013 Se, no ato do recebimento, voc\u00ea notar algum problema (produto quebrado, faltando item etc.), POR FAVOR, N\u00c3O RECEBA. Entre em contato conosco. Anote no verso da nota fiscal a seguinte frase \u201cPRODUTO EM DESACORDO COM MEU PEDIDO\u201d, e relate, tamb\u00e9m por escrito, qual o problema espec\u00edfico apresentado pela mercadoria. Em seguida, nos informe imediatamente sobre o problema, nome completo e endere\u00e7o de entrega.<\/p>\n<p>8.4 \u2013 Ao seguir as medidas acima explicitadas, o produto voltar\u00e1 \u00e0 empresa para fazermos a corre\u00e7\u00e3o do problema e o enviaremos de volta o mais breve poss\u00edvel, sendo o custo de transporte de ida e volta, neste caso, por nossa responsabilidade.<\/p>\n<p>8.5 \u2013 A partir do momento que o cliente recebe e aceita o produto sem verifica-lo, o cliente est\u00e1 avalizando que o produto chegou em perfeitas condi\u00e7\u00f5es. Portanto, n\u00e3o aceitaremos reclama\u00e7\u00f5es posteriores.<\/p>\n<p>PORTANTO, NO MOMENTO DA ENTREGA, CONFIRA TODOS OS ELEMENTOS NA PRESEN\u00c7A DOS FUNCION\u00c1RIOS DA TRANSPORTADORA ou CORREIOS.<\/p>\n<p>* Os produtos vendidos est\u00e3o sujeitos \u00e0 disponibilidade do estoque no momento.<\/p>\n<p>* N\u00e3o disponibilizamos frete a cobrar no destino.<\/p>\n<p>* No caso de envio via transportadora, o cliente estiver ausente, ser\u00e1 cobrada a reentrega.<\/p>\n<p>* Nas promo\u00e7\u00f5es n\u00e3o ser\u00e3o concedidos quaisquer descontos.<\/p>\n<p>8.6 \u2013 Caso algum produto tenha sido expedido por engano, trocado em rela\u00e7\u00e3o ao pedido, avariado e\/ou danificado durante o transporte, entre em contato. Se for comprovada a nossa falha ou problemas no transporte, faremos o estorno de todos os valores pagos, inclusive do frete. Mas \u00e9 fundamental que, antes de realizar a devolu\u00e7\u00e3o, entre em contato conosco para repassarmos as devidas orienta\u00e7\u00f5es.<\/p>\n<p>8.7 \u2013 No caso dos produtos sob encomenda (personalizados), os cancelamentos, devolu\u00e7\u00f5es e trocas somente ser\u00e3o poss\u00edveis dentro do PRAZO DE CANCELAMENTO, correspondente a 07 (sete) dias ap\u00f3s a confirma\u00e7\u00e3o do pagamento. Ap\u00f3s este prazo, N\u00c3O PODER\u00c1 MAIS SER CANCELADO, DEVOLVIDO ou TROCADO.<\/p>\n<p>8.8 \u2013 Para quaisquer outros problemas detectados, favor entrar em contato cm nosso SAC que poder\u00e1 ser acionado por meio de telefone: (16) 3945-4045 ou de formul\u00e1rio do site ou envio de e-mail para: <a href=\"mailto:sertplast@sertplast.com.br\">sertplast@sertplast.com.br<\/a> , conforme disponibilizado de segunda a sexta-feira em hor\u00e1rio comercial : Das 08:00 as 17:00, excluindo-se a disponibilidade de atendimento aos s\u00e1bados, domingos e feriados.<\/p>\n","protected":false},"excerpt":{"rendered":"<p>Pol\u00edtica de compra e venda. Prezados Clientes; Uma de nossas principais preocupa\u00e7\u00f5es \u00e9 oferecer aos nossos clientes produtos da mais alta qualidade, entregues no prazo combinado e de acordo com todas as condi\u00e7\u00f5es necess\u00e1rias para sua comodidade. A seguir explicitamos nossas pol\u00edticas cuja observ\u00e2ncia por parte do cliente \u00e9 importante para que, caso necess\u00e1rio, sejam [&hellip;]<\/p>\n","protected":false},"author":1,"featured_media":0,"parent":0,"menu_order":0,"comment_status":"closed","ping_status":"closed","template":"","meta":{"footnotes":""},"class_list":["post-1242","page","type-page","status-publish","hentry"],"_links":{"self":[{"href":"https:\/\/sertplast.com.br\/loja\/wp-json\/wp\/v2\/pages\/1242","targetHints":{"allow":["GET"]}}],"collection":[{"href":"https:\/\/sertplast.com.br\/loja\/wp-json\/wp\/v2\/pages"}],"about":[{"href":"https:\/\/sertplast.com.br\/loja\/wp-json\/wp\/v2\/types\/page"}],"author":[{"embeddable":true,"href":"https:\/\/sertplast.com.br\/loja\/wp-json\/wp\/v2\/users\/1"}],"replies":[{"embeddable":true,"href":"https:\/\/sertplast.com.br\/loja\/wp-json\/wp\/v2\/comments?post=1242"}],"version-history":[{"count":1,"href":"https:\/\/sertplast.com.br\/loja\/wp-json\/wp\/v2\/pages\/1242\/revisions"}],"predecessor-version":[{"id":1243,"href":"https:\/\/sertplast.com.br\/loja\/wp-json\/wp\/v2\/pages\/1242\/revisions\/1243"}],"wp:attachment":[{"href":"https:\/\/sertplast.com.br\/loja\/wp-json\/wp\/v2\/media?parent=1242"}],"curies":[{"name":"wp","href":"https:\/\/api.w.org\/{rel}","templated":true}]}}