{"id":1271,"date":"2022-08-10T11:35:10","date_gmt":"2022-08-10T14:35:10","guid":{"rendered":"https:\/\/sertplast.com.br\/loja\/?post_type=product&#038;p=1271"},"modified":"2026-04-14T15:24:06","modified_gmt":"2026-04-14T18:24:06","slug":"colher-sorvete-e-acai-reforcada1000-un","status":"publish","type":"product","link":"https:\/\/sertplast.com.br\/loja\/produto\/colher-sorvete-e-acai-reforcada1000-un\/","title":{"rendered":"Colher Sorvete\/A\u00e7ai Refor\u00e7ada. Cx 1000 un. <strong><p style=\"font-size:14px;color:#f2a509;\">Venda limitada: M\u00e1x 4 caixas. <\/p><\/strong><p style=\"font-size:12px;\">Para outras quantidades fale conosco.<\/p>"},"content":{"rendered":"<p>Colher refor\u00e7ada para sorvete, a\u00e7a\u00ed ou qualquer sobremesa.<\/p>\n<p>Cores variadas na caixa.<\/p>\n<p>Comprimento de 13 cm.<\/p>\n<p>Fabricado com pl\u00e1stico virgem.<\/p>\n<p>Envio com nota fiscal.<\/p>\n","protected":false},"excerpt":{"rendered":"<p>Colher refor\u00e7ada para sorvete, a\u00e7a\u00ed ou qualquer sobremesa. Cores variadas na caixa. Comprimento de 13 cm. Fabricado com pl\u00e1stico virgem. Envio com nota fiscal.<\/p>\n","protected":false},"featured_media":0,"template":"","meta":[],"product_brand":[],"product_cat":[61],"product_tag":[],"class_list":{"0":"post-1271","1":"product","2":"type-product","3":"status-publish","5":"product_cat-sorvete-acai","7":"first","8":"instock","9":"shipping-taxable","10":"purchasable","11":"product-type-simple"},"_links":{"self":[{"href":"https:\/\/sertplast.com.br\/loja\/wp-json\/wp\/v2\/product\/1271","targetHints":{"allow":["GET"]}}],"collection":[{"href":"https:\/\/sertplast.com.br\/loja\/wp-json\/wp\/v2\/product"}],"about":[{"href":"https:\/\/sertplast.com.br\/loja\/wp-json\/wp\/v2\/types\/product"}],"wp:attachment":[{"href":"https:\/\/sertplast.com.br\/loja\/wp-json\/wp\/v2\/media?parent=1271"}],"wp:term":[{"taxonomy":"product_brand","embeddable":true,"href":"https:\/\/sertplast.com.br\/loja\/wp-json\/wp\/v2\/product_brand?post=1271"},{"taxonomy":"product_cat","embeddable":true,"href":"https:\/\/sertplast.com.br\/loja\/wp-json\/wp\/v2\/product_cat?post=1271"},{"taxonomy":"product_tag","embeddable":true,"href":"https:\/\/sertplast.com.br\/loja\/wp-json\/wp\/v2\/product_tag?post=1271"}],"curies":[{"name":"wp","href":"https:\/\/api.w.org\/{rel}","templated":true}]}}